{"id":4883,"date":"2025-03-24T09:35:33","date_gmt":"2025-03-24T08:35:33","guid":{"rendered":"https:\/\/refuge-dormillouse.fr\/?post_type=product&#038;p=4883"},"modified":"2026-01-26T16:43:38","modified_gmt":"2026-01-26T15:43:38","slug":"evasion-en-duo-2","status":"publish","type":"product","link":"https:\/\/refuge-dormillouse.fr\/en\/product\/evasion-en-duo-2\/","title":{"rendered":"Evasion en Duo"},"content":{"rendered":"<p>Ce bon cadeau comprends pour 2 personnes:<\/p>\n<p>1 nuit\u00e9e en demi pension<\/p>\n<p>&nbsp;<\/p>\n<p>Pour utiliser ce bon cadeau, le destinataire nous contactera par \u00e9mail resa@refuge-dormillouse.fr ou par t\u00e9l\u00e9phone au 06.16.30.72.45, avec son code cadeau pour effectuer la r\u00e9servation. La validit\u00e9 du bon cadeau est de 1 an. Le destinataire a 1 an \u00e0 la date d&rsquo;\u00e9dition du bon cadeau pour effectuer la r\u00e9servation.<\/p>\n<p>Ce bon n&rsquo;est pas remboursable.<\/p>","protected":false},"excerpt":{"rendered":"<p><strong>Evasion \u00e0 deux!<\/strong><\/p>\n<p>1 nuit\u00e9e avec petit d\u00e9jeuner, repas du soir.<br \/>\nVin, caf\u00e9 non compris<\/p>","protected":false},"featured_media":4881,"comment_status":"closed","ping_status":"closed","template":"","meta":{"inline_featured_image":false,"_monsterinsights_skip_tracking":false,"_monsterinsights_sitenote_active":false,"_monsterinsights_sitenote_note":"","_monsterinsights_sitenote_category":0},"product_brand":[],"product_cat":[45],"product_tag":[],"giftcard-category":[],"class_list":{"0":"post-4883","1":"product","2":"type-product","3":"status-publish","4":"has-post-thumbnail","6":"product_cat-bon-cadeau","8":"first","9":"instock","10":"virtual","11":"taxable","12":"purchasable","13":"product-type-gift-card"},"_links":{"self":[{"href":"https:\/\/refuge-dormillouse.fr\/en\/wp-json\/wp\/v2\/product\/4883","targetHints":{"allow":["GET"]}}],"collection":[{"href":"https:\/\/refuge-dormillouse.fr\/en\/wp-json\/wp\/v2\/product"}],"about":[{"href":"https:\/\/refuge-dormillouse.fr\/en\/wp-json\/wp\/v2\/types\/product"}],"replies":[{"embeddable":true,"href":"https:\/\/refuge-dormillouse.fr\/en\/wp-json\/wp\/v2\/comments?post=4883"}],"wp:featuredmedia":[{"embeddable":true,"href":"https:\/\/refuge-dormillouse.fr\/en\/wp-json\/wp\/v2\/media\/4881"}],"wp:attachment":[{"href":"https:\/\/refuge-dormillouse.fr\/en\/wp-json\/wp\/v2\/media?parent=4883"}],"wp:term":[{"taxonomy":"product_brand","embeddable":true,"href":"https:\/\/refuge-dormillouse.fr\/en\/wp-json\/wp\/v2\/product_brand?post=4883"},{"taxonomy":"product_cat","embeddable":true,"href":"https:\/\/refuge-dormillouse.fr\/en\/wp-json\/wp\/v2\/product_cat?post=4883"},{"taxonomy":"product_tag","embeddable":true,"href":"https:\/\/refuge-dormillouse.fr\/en\/wp-json\/wp\/v2\/product_tag?post=4883"},{"taxonomy":"giftcard-category","embeddable":true,"href":"https:\/\/refuge-dormillouse.fr\/en\/wp-json\/wp\/v2\/giftcard-category?post=4883"}],"curies":[{"name":"wp","href":"https:\/\/api.w.org\/{rel}","templated":true}]}}