{"id":3815,"date":"2024-12-06T10:07:46","date_gmt":"2024-12-06T09:07:46","guid":{"rendered":"https:\/\/refuge-dormillouse.fr\/?post_type=product&#038;p=3815"},"modified":"2026-01-26T16:44:02","modified_gmt":"2026-01-26T15:44:02","slug":"evasion-en-duo","status":"publish","type":"product","link":"https:\/\/refuge-dormillouse.fr\/en\/product\/evasion-en-duo\/","title":{"rendered":"Echapp\u00e9e unique \u00e0 deux"},"content":{"rendered":"<p>Ce bon cadeau comprends pour 2 personnes:<\/p>\n<p>1 nuit\u00e9e en demi pension<br \/>\n1 bouteille de champagne d\u00e9pos\u00e9e dans la chambre<\/p>\n<p>&nbsp;<\/p>\n<p>Pour utiliser ce bon cadeau, le destinataire nous contactera par \u00e9mail resa@refuge-dormillouse.fr ou par t\u00e9l\u00e9phone au 06.16.30.72.45, avec son code cadeau pour effectuer la r\u00e9servation. La validit\u00e9 du bon cadeau est de 1 an. Le destinataire a 1 an \u00e0 la date d&rsquo;\u00e9dition du bon cadeau pour effectuer la r\u00e9servation.<\/p>\n<p>Ce bon n&rsquo;est pas remboursable.<\/p>","protected":false},"excerpt":{"rendered":"<p><strong>Echapp\u00e9e unique \u00e0 deux!<\/strong><\/p>\n<p>1 nuit\u00e9e en demi pension<br \/>\n1 bouteille de champagne d\u00e9pos\u00e9e dans la chambre<\/p>","protected":false},"featured_media":4878,"comment_status":"closed","ping_status":"closed","template":"","meta":{"inline_featured_image":false,"_monsterinsights_skip_tracking":false,"_monsterinsights_sitenote_active":false,"_monsterinsights_sitenote_note":"","_monsterinsights_sitenote_category":0},"product_brand":[],"product_cat":[45],"product_tag":[],"giftcard-category":[40],"class_list":{"0":"post-3815","1":"product","2":"type-product","3":"status-publish","4":"has-post-thumbnail","6":"product_cat-bon-cadeau","7":"giftcard-category-bon-cadeau","9":"first","10":"instock","11":"virtual","12":"taxable","13":"purchasable","14":"product-type-gift-card"},"_links":{"self":[{"href":"https:\/\/refuge-dormillouse.fr\/en\/wp-json\/wp\/v2\/product\/3815","targetHints":{"allow":["GET"]}}],"collection":[{"href":"https:\/\/refuge-dormillouse.fr\/en\/wp-json\/wp\/v2\/product"}],"about":[{"href":"https:\/\/refuge-dormillouse.fr\/en\/wp-json\/wp\/v2\/types\/product"}],"replies":[{"embeddable":true,"href":"https:\/\/refuge-dormillouse.fr\/en\/wp-json\/wp\/v2\/comments?post=3815"}],"wp:featuredmedia":[{"embeddable":true,"href":"https:\/\/refuge-dormillouse.fr\/en\/wp-json\/wp\/v2\/media\/4878"}],"wp:attachment":[{"href":"https:\/\/refuge-dormillouse.fr\/en\/wp-json\/wp\/v2\/media?parent=3815"}],"wp:term":[{"taxonomy":"product_brand","embeddable":true,"href":"https:\/\/refuge-dormillouse.fr\/en\/wp-json\/wp\/v2\/product_brand?post=3815"},{"taxonomy":"product_cat","embeddable":true,"href":"https:\/\/refuge-dormillouse.fr\/en\/wp-json\/wp\/v2\/product_cat?post=3815"},{"taxonomy":"product_tag","embeddable":true,"href":"https:\/\/refuge-dormillouse.fr\/en\/wp-json\/wp\/v2\/product_tag?post=3815"},{"taxonomy":"giftcard-category","embeddable":true,"href":"https:\/\/refuge-dormillouse.fr\/en\/wp-json\/wp\/v2\/giftcard-category?post=3815"}],"curies":[{"name":"wp","href":"https:\/\/api.w.org\/{rel}","templated":true}]}}