{"id":2334,"date":"2024-01-07T22:48:17","date_gmt":"2024-01-07T21:48:17","guid":{"rendered":"https:\/\/refuge-dormillouse.fr\/?post_type=product&#038;p=2334"},"modified":"2026-01-26T16:51:22","modified_gmt":"2026-01-26T15:51:22","slug":"escapade-en-famille","status":"publish","type":"product","link":"https:\/\/refuge-dormillouse.fr\/en\/product\/escapade-en-famille\/","title":{"rendered":"Escapade en Famille"},"content":{"rendered":"<p>Ce bon cadeau comprends pour 2 adultes et 2 enfants (de 6 \u00e0 11 ans):<\/p>\n<ul>\n<li>la nuit\u00e9e au Refuge de l&rsquo;Oncle Emile<\/li>\n<li>la demi-pension<\/li>\n<\/ul>\n<p>Pour utiliser ce bon cadeau, le destinataire nous contactera par \u00e9mail resa@refuge-dormillouse.fr ou par t\u00e9l\u00e9phone au 06.16.30.72.45, avec son code cadeau pour effectuer la r\u00e9servation. La validit\u00e9 du bon cadeau est de 1 an. Le destinataire a 1 an \u00e0 la date d&rsquo;\u00e9dition du bon cadeau pour effectuer la r\u00e9servation.<\/p>\n<p>Ce bon n&rsquo;est pas remboursable.<\/p>","protected":false},"excerpt":{"rendered":"<p><strong>Vivez une escapade en famille inoubliable!<\/strong><\/p>\n<p>1 nuit\u00e9e en demi-pension pour 4 personnes<\/p>\n<p>2 adultes \/ 2 enfants (6\/11ans)<\/p>","protected":false},"featured_media":4879,"comment_status":"closed","ping_status":"closed","template":"","meta":{"inline_featured_image":false,"_monsterinsights_skip_tracking":false,"_monsterinsights_sitenote_active":false,"_monsterinsights_sitenote_note":"","_monsterinsights_sitenote_category":0},"product_brand":[],"product_cat":[45],"product_tag":[],"giftcard-category":[40],"class_list":{"0":"post-2334","1":"product","2":"type-product","3":"status-publish","4":"has-post-thumbnail","6":"product_cat-bon-cadeau","7":"giftcard-category-bon-cadeau","9":"first","10":"instock","11":"virtual","12":"taxable","13":"purchasable","14":"product-type-gift-card"},"_links":{"self":[{"href":"https:\/\/refuge-dormillouse.fr\/en\/wp-json\/wp\/v2\/product\/2334","targetHints":{"allow":["GET"]}}],"collection":[{"href":"https:\/\/refuge-dormillouse.fr\/en\/wp-json\/wp\/v2\/product"}],"about":[{"href":"https:\/\/refuge-dormillouse.fr\/en\/wp-json\/wp\/v2\/types\/product"}],"replies":[{"embeddable":true,"href":"https:\/\/refuge-dormillouse.fr\/en\/wp-json\/wp\/v2\/comments?post=2334"}],"wp:featuredmedia":[{"embeddable":true,"href":"https:\/\/refuge-dormillouse.fr\/en\/wp-json\/wp\/v2\/media\/4879"}],"wp:attachment":[{"href":"https:\/\/refuge-dormillouse.fr\/en\/wp-json\/wp\/v2\/media?parent=2334"}],"wp:term":[{"taxonomy":"product_brand","embeddable":true,"href":"https:\/\/refuge-dormillouse.fr\/en\/wp-json\/wp\/v2\/product_brand?post=2334"},{"taxonomy":"product_cat","embeddable":true,"href":"https:\/\/refuge-dormillouse.fr\/en\/wp-json\/wp\/v2\/product_cat?post=2334"},{"taxonomy":"product_tag","embeddable":true,"href":"https:\/\/refuge-dormillouse.fr\/en\/wp-json\/wp\/v2\/product_tag?post=2334"},{"taxonomy":"giftcard-category","embeddable":true,"href":"https:\/\/refuge-dormillouse.fr\/en\/wp-json\/wp\/v2\/giftcard-category?post=2334"}],"curies":[{"name":"wp","href":"https:\/\/api.w.org\/{rel}","templated":true}]}}