{"id":6171,"date":"2025-11-25T20:26:44","date_gmt":"2025-11-25T19:26:44","guid":{"rendered":"https:\/\/refuge-dormillouse.fr\/?page_id=6171"},"modified":"2025-11-25T20:37:02","modified_gmt":"2025-11-25T19:37:02","slug":"pour-le-jour-de-lan-vous-revez-dune-montagne-sans-chichi-ni-paillettes-une-nuit-claire-ou-seuls-le-vent-la-neige-et-les-etoiles-sinvitent-a-la-fete-la-haut-le-temps-ral","status":"publish","type":"page","link":"https:\/\/refuge-dormillouse.fr\/en\/pour-le-jour-de-lan-vous-revez-dune-montagne-sans-chichi-ni-paillettes-une-nuit-claire-ou-seuls-le-vent-la-neige-et-les-etoiles-sinvitent-a-la-fete-la-haut-le-temps-ral\/","title":{"rendered":"Pour un jour de l&rsquo;an inoubliable!!!!"},"content":{"rendered":"<figure class=\"wp-block-gallery has-nested-images columns-default is-cropped wp-block-gallery-1 is-layout-flex wp-block-gallery-is-layout-flex\">\n<figure class=\"wp-block-image size-large\"><img loading=\"lazy\" decoding=\"async\" width=\"1024\" height=\"768\" data-id=\"3703\" src=\"https:\/\/refuge-dormillouse.fr\/wp-content\/uploads\/2024\/10\/1000000996-1024x768.jpg\" alt=\"1000000996\" class=\"wp-image-3703\" srcset=\"https:\/\/refuge-dormillouse.fr\/wp-content\/uploads\/2024\/10\/1000000996-1024x768.jpg 1024w, https:\/\/refuge-dormillouse.fr\/wp-content\/uploads\/2024\/10\/1000000996-300x225.jpg 300w, https:\/\/refuge-dormillouse.fr\/wp-content\/uploads\/2024\/10\/1000000996-768x576.jpg 768w, https:\/\/refuge-dormillouse.fr\/wp-content\/uploads\/2024\/10\/1000000996-1536x1152.jpg 1536w, https:\/\/refuge-dormillouse.fr\/wp-content\/uploads\/2024\/10\/1000000996-2048x1536.jpg 2048w, https:\/\/refuge-dormillouse.fr\/wp-content\/uploads\/2024\/10\/1000000996-16x12.jpg 16w, https:\/\/refuge-dormillouse.fr\/wp-content\/uploads\/2024\/10\/1000000996-892x669.jpg 892w, https:\/\/refuge-dormillouse.fr\/wp-content\/uploads\/2024\/10\/1000000996-1350x1013.jpg 1350w, https:\/\/refuge-dormillouse.fr\/wp-content\/uploads\/2024\/10\/1000000996-600x450.jpg 600w\" sizes=\"auto, (max-width: 1024px) 100vw, 1024px\" \/><\/figure>\n\n\n\n<figure class=\"wp-block-image size-large\"><img loading=\"lazy\" decoding=\"async\" width=\"1024\" height=\"697\" data-id=\"2777\" src=\"https:\/\/refuge-dormillouse.fr\/wp-content\/uploads\/2024\/03\/Vue_du_refuge-1024x697.jpg\" alt=\"Vue Du Refuge\" class=\"wp-image-2777\" srcset=\"https:\/\/refuge-dormillouse.fr\/wp-content\/uploads\/2024\/03\/Vue_du_refuge-1024x697.jpg 1024w, https:\/\/refuge-dormillouse.fr\/wp-content\/uploads\/2024\/03\/Vue_du_refuge-300x204.jpg 300w, https:\/\/refuge-dormillouse.fr\/wp-content\/uploads\/2024\/03\/Vue_du_refuge-768x523.jpg 768w, https:\/\/refuge-dormillouse.fr\/wp-content\/uploads\/2024\/03\/Vue_du_refuge-1536x1046.jpg 1536w, https:\/\/refuge-dormillouse.fr\/wp-content\/uploads\/2024\/03\/Vue_du_refuge-2048x1395.jpg 2048w, https:\/\/refuge-dormillouse.fr\/wp-content\/uploads\/2024\/03\/Vue_du_refuge-18x12.jpg 18w, https:\/\/refuge-dormillouse.fr\/wp-content\/uploads\/2024\/03\/Vue_du_refuge-892x608.jpg 892w, https:\/\/refuge-dormillouse.fr\/wp-content\/uploads\/2024\/03\/Vue_du_refuge-1350x920.jpg 1350w, https:\/\/refuge-dormillouse.fr\/wp-content\/uploads\/2024\/03\/Vue_du_refuge-600x409.jpg 600w\" sizes=\"auto, (max-width: 1024px) 100vw, 1024px\" \/><\/figure>\n\n\n\n<figure class=\"wp-block-image size-large\"><img loading=\"lazy\" decoding=\"async\" width=\"683\" height=\"1024\" data-id=\"2753\" src=\"https:\/\/refuge-dormillouse.fr\/wp-content\/uploads\/2024\/03\/Aperitif_entre_amis-683x1024.jpg\" alt=\"Ap\u00e9ritif Entre Amis\" class=\"wp-image-2753\" srcset=\"https:\/\/refuge-dormillouse.fr\/wp-content\/uploads\/2024\/03\/Aperitif_entre_amis-683x1024.jpg 683w, https:\/\/refuge-dormillouse.fr\/wp-content\/uploads\/2024\/03\/Aperitif_entre_amis-200x300.jpg 200w, https:\/\/refuge-dormillouse.fr\/wp-content\/uploads\/2024\/03\/Aperitif_entre_amis-768x1152.jpg 768w, https:\/\/refuge-dormillouse.fr\/wp-content\/uploads\/2024\/03\/Aperitif_entre_amis-1024x1536.jpg 1024w, https:\/\/refuge-dormillouse.fr\/wp-content\/uploads\/2024\/03\/Aperitif_entre_amis-1365x2048.jpg 1365w, https:\/\/refuge-dormillouse.fr\/wp-content\/uploads\/2024\/03\/Aperitif_entre_amis-8x12.jpg 8w, https:\/\/refuge-dormillouse.fr\/wp-content\/uploads\/2024\/03\/Aperitif_entre_amis-892x1338.jpg 892w, https:\/\/refuge-dormillouse.fr\/wp-content\/uploads\/2024\/03\/Aperitif_entre_amis-1350x2025.jpg 1350w, https:\/\/refuge-dormillouse.fr\/wp-content\/uploads\/2024\/03\/Aperitif_entre_amis-600x900.jpg 600w, https:\/\/refuge-dormillouse.fr\/wp-content\/uploads\/2024\/03\/Aperitif_entre_amis-scaled.jpg 1707w\" sizes=\"auto, (max-width: 683px) 100vw, 683px\" \/><figcaption class=\"wp-element-caption\">aperitif<\/figcaption><\/figure>\n\n\n\n<figure class=\"wp-block-image size-large\"><img loading=\"lazy\" decoding=\"async\" width=\"1024\" height=\"768\" data-id=\"2449\" src=\"https:\/\/refuge-dormillouse.fr\/wp-content\/uploads\/2024\/02\/image00005-1024x768.jpeg\" alt=\"\" class=\"wp-image-2449\" srcset=\"https:\/\/refuge-dormillouse.fr\/wp-content\/uploads\/2024\/02\/image00005-1024x768.jpeg 1024w, https:\/\/refuge-dormillouse.fr\/wp-content\/uploads\/2024\/02\/image00005-300x225.jpeg 300w, https:\/\/refuge-dormillouse.fr\/wp-content\/uploads\/2024\/02\/image00005-768x576.jpeg 768w, https:\/\/refuge-dormillouse.fr\/wp-content\/uploads\/2024\/02\/image00005-1536x1152.jpeg 1536w, https:\/\/refuge-dormillouse.fr\/wp-content\/uploads\/2024\/02\/image00005-2048x1536.jpeg 2048w, https:\/\/refuge-dormillouse.fr\/wp-content\/uploads\/2024\/02\/image00005-892x669.jpeg 892w, https:\/\/refuge-dormillouse.fr\/wp-content\/uploads\/2024\/02\/image00005-1350x1013.jpeg 1350w, https:\/\/refuge-dormillouse.fr\/wp-content\/uploads\/2024\/02\/image00005-600x450.jpeg 600w\" sizes=\"auto, (max-width: 1024px) 100vw, 1024px\" \/><\/figure>\n<\/figure>\n\n\n\n<p>Pour le jour de l\u2019an, vous revez d\u2019une montagne sans chichi ni paillettes. Une nuit claire o\u00f9 seuls le vent, la neige et les \u00e9toiles s\u2019invitent \u00e0 la f\u00eate. L\u00e0-haut, le temps ralentit, les pens\u00e9es se posent, et l\u2019ann\u00e9e nouvelle commence en douceur, dans l\u2019\u00e9clat brut de la nature. Un instant simple, authentique, inoubliable. Dormillouse vous attend! Privatiser notre refuge et laissez vous accompagner!<\/p>","protected":false},"excerpt":{"rendered":"<p>Pour le jour de l\u2019an, vous revez d\u2019une montagne sans chichi ni paillettes. Une nuit claire o\u00f9 seuls le vent, la neige et les \u00e9toiles s\u2019invitent \u00e0 la f\u00eate. L\u00e0-haut, le temps ralentit, les pens\u00e9es se posent, et l\u2019ann\u00e9e nouvelle commence en douceur, dans l\u2019\u00e9clat brut de la nature. Un instant simple, authentique, inoubliable. Dormillouse [&hellip;]<\/p>","protected":false},"author":3,"featured_media":0,"parent":0,"menu_order":0,"comment_status":"closed","ping_status":"closed","template":"","meta":{"inline_featured_image":false,"_monsterinsights_skip_tracking":false,"_monsterinsights_sitenote_active":false,"_monsterinsights_sitenote_note":"","_monsterinsights_sitenote_category":0,"footnotes":""},"class_list":["post-6171","page","type-page","status-publish","hentry"],"_links":{"self":[{"href":"https:\/\/refuge-dormillouse.fr\/en\/wp-json\/wp\/v2\/pages\/6171","targetHints":{"allow":["GET"]}}],"collection":[{"href":"https:\/\/refuge-dormillouse.fr\/en\/wp-json\/wp\/v2\/pages"}],"about":[{"href":"https:\/\/refuge-dormillouse.fr\/en\/wp-json\/wp\/v2\/types\/page"}],"author":[{"embeddable":true,"href":"https:\/\/refuge-dormillouse.fr\/en\/wp-json\/wp\/v2\/users\/3"}],"replies":[{"embeddable":true,"href":"https:\/\/refuge-dormillouse.fr\/en\/wp-json\/wp\/v2\/comments?post=6171"}],"version-history":[{"count":2,"href":"https:\/\/refuge-dormillouse.fr\/en\/wp-json\/wp\/v2\/pages\/6171\/revisions"}],"predecessor-version":[{"id":6175,"href":"https:\/\/refuge-dormillouse.fr\/en\/wp-json\/wp\/v2\/pages\/6171\/revisions\/6175"}],"wp:attachment":[{"href":"https:\/\/refuge-dormillouse.fr\/en\/wp-json\/wp\/v2\/media?parent=6171"}],"curies":[{"name":"wp","href":"https:\/\/api.w.org\/{rel}","templated":true}]}}