{"id":6119,"date":"2025-11-15T18:10:21","date_gmt":"2025-11-15T17:10:21","guid":{"rendered":"https:\/\/refuge-dormillouse.fr\/?page_id=6119"},"modified":"2025-11-15T18:10:24","modified_gmt":"2025-11-15T17:10:24","slug":"reserver-votre-jour-de-lan","status":"publish","type":"page","link":"https:\/\/refuge-dormillouse.fr\/en\/reserver-votre-jour-de-lan\/","title":{"rendered":"RESERVER VOTRE JOUR DE L&rsquo;AN"},"content":{"rendered":"<p class=\"has-text-align-center\">Entre Amis ou en Famille, Privatisez votre dernier jour de l&rsquo;ann\u00e9e dans un endroit absolument magique et envoutant! Finissez bien l&rsquo;ann\u00e9e et surtout commencez la dans une magie naturelle! Pensez \u00e0 nous contacter!<\/p>\n\n\n\n<div class=\"wp-block-media-text is-stacked-on-mobile\" style=\"grid-template-columns:85% auto\"><figure class=\"wp-block-media-text__media\"><img loading=\"lazy\" decoding=\"async\" width=\"1024\" height=\"341\" src=\"https:\/\/refuge-dormillouse.fr\/wp-content\/uploads\/2024\/11\/bandeau_chalet_neige3_web-1024x341.jpg\" alt=\"Bandeau Chalet Neige3 Web\" class=\"wp-image-3733 size-full\" srcset=\"https:\/\/refuge-dormillouse.fr\/wp-content\/uploads\/2024\/11\/bandeau_chalet_neige3_web-1024x341.jpg 1024w, https:\/\/refuge-dormillouse.fr\/wp-content\/uploads\/2024\/11\/bandeau_chalet_neige3_web-300x100.jpg 300w, https:\/\/refuge-dormillouse.fr\/wp-content\/uploads\/2024\/11\/bandeau_chalet_neige3_web-768x256.jpg 768w, https:\/\/refuge-dormillouse.fr\/wp-content\/uploads\/2024\/11\/bandeau_chalet_neige3_web-18x6.jpg 18w, https:\/\/refuge-dormillouse.fr\/wp-content\/uploads\/2024\/11\/bandeau_chalet_neige3_web-892x297.jpg 892w, https:\/\/refuge-dormillouse.fr\/wp-content\/uploads\/2024\/11\/bandeau_chalet_neige3_web-600x200.jpg 600w, https:\/\/refuge-dormillouse.fr\/wp-content\/uploads\/2024\/11\/bandeau_chalet_neige3_web.jpg 1200w\" sizes=\"auto, (max-width: 1024px) 100vw, 1024px\" \/><\/figure><div class=\"wp-block-media-text__content\">\n<p><\/p>\n<\/div><\/div>\n\n\n\n<p><\/p>","protected":false},"excerpt":{"rendered":"<p>Entre Amis ou en Famille, Privatisez votre dernier jour de l&rsquo;ann\u00e9e dans un endroit absolument magique et envoutant! Finissez bien l&rsquo;ann\u00e9e et surtout commencez la dans une magie naturelle! Pensez \u00e0 nous contacter!<\/p>","protected":false},"author":3,"featured_media":0,"parent":0,"menu_order":0,"comment_status":"closed","ping_status":"closed","template":"","meta":{"inline_featured_image":false,"_monsterinsights_skip_tracking":false,"_monsterinsights_sitenote_active":false,"_monsterinsights_sitenote_note":"","_monsterinsights_sitenote_category":0,"footnotes":""},"class_list":["post-6119","page","type-page","status-publish","hentry"],"_links":{"self":[{"href":"https:\/\/refuge-dormillouse.fr\/en\/wp-json\/wp\/v2\/pages\/6119","targetHints":{"allow":["GET"]}}],"collection":[{"href":"https:\/\/refuge-dormillouse.fr\/en\/wp-json\/wp\/v2\/pages"}],"about":[{"href":"https:\/\/refuge-dormillouse.fr\/en\/wp-json\/wp\/v2\/types\/page"}],"author":[{"embeddable":true,"href":"https:\/\/refuge-dormillouse.fr\/en\/wp-json\/wp\/v2\/users\/3"}],"replies":[{"embeddable":true,"href":"https:\/\/refuge-dormillouse.fr\/en\/wp-json\/wp\/v2\/comments?post=6119"}],"version-history":[{"count":1,"href":"https:\/\/refuge-dormillouse.fr\/en\/wp-json\/wp\/v2\/pages\/6119\/revisions"}],"predecessor-version":[{"id":6120,"href":"https:\/\/refuge-dormillouse.fr\/en\/wp-json\/wp\/v2\/pages\/6119\/revisions\/6120"}],"wp:attachment":[{"href":"https:\/\/refuge-dormillouse.fr\/en\/wp-json\/wp\/v2\/media?parent=6119"}],"curies":[{"name":"wp","href":"https:\/\/api.w.org\/{rel}","templated":true}]}}