{"id":2590,"date":"2024-03-03T17:08:57","date_gmt":"2024-03-03T16:08:57","guid":{"rendered":"https:\/\/refuge-dormillouse.fr\/?page_id=2590"},"modified":"2026-02-06T14:53:00","modified_gmt":"2026-02-06T13:53:00","slug":"activites","status":"publish","type":"page","link":"https:\/\/refuge-dormillouse.fr\/en\/activities-2-2\/","title":{"rendered":"Activit\u00e9s autour du Refuge"},"content":{"rendered":"<p>En \u00e9t\u00e9, de nombreuses randonn\u00e9es sont directement accessibles depuis le refuge, adapt\u00e9es \u00e0 tous les niveaux. Partez en balade en famille ou en randonn\u00e9e sportive \u00e0 la d\u00e9couverte de paysages \u00e0 couper le souffle. Pour les amateurs d&rsquo;aventure, \u00e0 proximit\u00e9 de Dormillouse, vous pourrez d\u00e9couvrir la via ferrata, l&rsquo;accrobranche, le rafting ou encore le canyoning.<br><\/p>\n\n\n\n<p>En hiver, profitez des joies de la neige \u00e0 travers la randonn\u00e9e en raquettes ou le ski de randonn\u00e9e. A proximit\u00e9, vous pourrez \u00e9galement d\u00e9couvrir des cascades de glace. <\/p>\n\n\n\n<p>Que vous soyez en qu\u00eate de d\u00e9connexion ou d&rsquo;aventure, le Refuge de l&rsquo;Oncle Emile est le lieu id\u00e9al pour un s\u00e9jour insolite et atypique. <\/p>\n\n\n\n<ul class=\"wp-block-list\">\n<li><a href=\"https:\/\/refuge-dormillouse.fr\/en\/hikes\/\" data-type=\"page\" data-id=\"2571\">Hiking<\/a><\/li>\n\n\n\n<li><a href=\"https:\/\/refuge-dormillouse.fr\/en\/ski-de-randonnee\/\" data-type=\"page\" data-id=\"2577\">Ski touring<\/a><\/li>\n\n\n\n<li><a href=\"https:\/\/refuge-dormillouse.fr\/en\/snowshoes\/\" data-type=\"page\" data-id=\"2582\">Snowshoes<\/a><\/li>\n\n\n\n<li><a href=\"https:\/\/refuge-dormillouse.fr\/en\/disconnect\/\" data-type=\"page\" data-id=\"2585\">Disconnection<\/a><\/li>\n<\/ul>\n\n\n\n<figure class=\"wp-block-gallery has-nested-images columns-default is-cropped wp-block-gallery-1 is-layout-flex wp-block-gallery-is-layout-flex\">\n<figure class=\"wp-block-image size-large\"><img loading=\"lazy\" decoding=\"async\" width=\"1024\" height=\"768\" data-id=\"6968\" src=\"https:\/\/refuge-dormillouse.fr\/wp-content\/uploads\/2026\/02\/pyrenees-2596053_1920-1024x768.jpg\" alt=\"Pyrenees 2596053 1920\" class=\"wp-image-6968\"\/><\/figure>\n\n\n\n<figure class=\"wp-block-image size-large\"><img loading=\"lazy\" decoding=\"async\" width=\"1024\" height=\"683\" data-id=\"6966\" src=\"https:\/\/refuge-dormillouse.fr\/wp-content\/uploads\/2026\/02\/snowshoes-2344196_1920-1024x683.jpg\" alt=\"Snowshoes 2344196 1920\" class=\"wp-image-6966\"\/><\/figure>\n\n\n\n<figure class=\"wp-block-image size-large\"><img loading=\"lazy\" decoding=\"async\" width=\"1024\" height=\"683\" data-id=\"6965\" src=\"https:\/\/refuge-dormillouse.fr\/wp-content\/uploads\/2026\/02\/vacances-lorceyrette-hautes-alpes-1024x683.jpg\" alt=\"Vacances Lorceyrette Hautes Alpes\" class=\"wp-image-6965\"\/><\/figure>\n<\/figure>\n\n\n\n<p><\/p>","protected":false},"excerpt":{"rendered":"<p>En \u00e9t\u00e9, de nombreuses randonn\u00e9es sont directement accessibles depuis le refuge, adapt\u00e9es \u00e0 tous les niveaux. Partez en balade en famille ou en randonn\u00e9e sportive \u00e0 la d\u00e9couverte de paysages \u00e0 couper le souffle. Pour les amateurs d&rsquo;aventure, \u00e0 proximit\u00e9 de Dormillouse, vous pourrez d\u00e9couvrir la via ferrata, l&rsquo;accrobranche, le rafting ou encore le canyoning. [&hellip;]<\/p>","protected":false},"author":3,"featured_media":0,"parent":0,"menu_order":0,"comment_status":"closed","ping_status":"closed","template":"","meta":{"inline_featured_image":false,"_monsterinsights_skip_tracking":false,"_monsterinsights_sitenote_active":false,"_monsterinsights_sitenote_note":"","_monsterinsights_sitenote_category":0,"footnotes":""},"class_list":["post-2590","page","type-page","status-publish","hentry"],"_links":{"self":[{"href":"https:\/\/refuge-dormillouse.fr\/en\/wp-json\/wp\/v2\/pages\/2590","targetHints":{"allow":["GET"]}}],"collection":[{"href":"https:\/\/refuge-dormillouse.fr\/en\/wp-json\/wp\/v2\/pages"}],"about":[{"href":"https:\/\/refuge-dormillouse.fr\/en\/wp-json\/wp\/v2\/types\/page"}],"author":[{"embeddable":true,"href":"https:\/\/refuge-dormillouse.fr\/en\/wp-json\/wp\/v2\/users\/3"}],"replies":[{"embeddable":true,"href":"https:\/\/refuge-dormillouse.fr\/en\/wp-json\/wp\/v2\/comments?post=2590"}],"version-history":[{"count":4,"href":"https:\/\/refuge-dormillouse.fr\/en\/wp-json\/wp\/v2\/pages\/2590\/revisions"}],"predecessor-version":[{"id":6969,"href":"https:\/\/refuge-dormillouse.fr\/en\/wp-json\/wp\/v2\/pages\/2590\/revisions\/6969"}],"wp:attachment":[{"href":"https:\/\/refuge-dormillouse.fr\/en\/wp-json\/wp\/v2\/media?parent=2590"}],"curies":[{"name":"wp","href":"https:\/\/api.w.org\/{rel}","templated":true}]}}