{"id":2585,"date":"2024-03-03T17:04:48","date_gmt":"2024-03-03T16:04:48","guid":{"rendered":"https:\/\/refuge-dormillouse.fr\/?page_id=2585"},"modified":"2024-03-30T19:13:55","modified_gmt":"2024-03-30T18:13:55","slug":"deconnexion","status":"publish","type":"page","link":"https:\/\/refuge-dormillouse.fr\/en\/disconnect\/","title":{"rendered":"Disconnection"},"content":{"rendered":"<figure class=\"wp-block-gallery has-nested-images columns-default is-cropped wp-block-gallery-1 is-layout-flex wp-block-gallery-is-layout-flex\">\n<figure class=\"wp-block-image size-full\"><img loading=\"lazy\" decoding=\"async\" width=\"360\" height=\"480\" data-id=\"2455\" src=\"https:\/\/refuge-dormillouse.fr\/wp-content\/uploads\/2024\/02\/IMG_20311.jpg\" alt=\"Disconnection\" class=\"wp-image-2455\" srcset=\"https:\/\/refuge-dormillouse.fr\/wp-content\/uploads\/2024\/02\/IMG_20311.jpg 360w, https:\/\/refuge-dormillouse.fr\/wp-content\/uploads\/2024\/02\/IMG_20311-225x300.jpg 225w\" sizes=\"auto, (max-width: 360px) 100vw, 360px\" \/><\/figure>\n<\/figure>\n\n\n\n<p><\/p>\n\n\n\n<p>Come and take a break in our haven of peace and take some time for yourself!<\/p>\n\n\n\n<p>The panoramic view from the terrace will give you plenty of time to meditate and take time for yourself, simply and naturally!<\/p>\n\n\n\n<p>The mountains offer the ideal setting to disconnect from everyday life and recharge your batteries in the heart of nature.<\/p>\n\n\n\n<p>By immersing yourself in the immensity and beauty of the mountains, you can effectively disconnect from the outside world and reconnect with your inner self and the surrounding nature.<\/p>\n\n\n\n<p><\/p>\n\n\n\n<p><\/p>","protected":false},"excerpt":{"rendered":"<p>Venez faire une pause dans notre havre de paix et prenez du temps pour vous! La vue panoramique sur la terrasse vous offrira tout loisir \u00e0 m\u00e9diter et \u00e0 prendre du temps pour vous tout simplement et naturellement! La montagne offre un cadre id\u00e9al pour se d\u00e9connecter du quotidien et se ressourcer en pleine nature. [&hellip;]<\/p>","protected":false},"author":3,"featured_media":2455,"parent":0,"menu_order":0,"comment_status":"closed","ping_status":"closed","template":"","meta":{"inline_featured_image":false,"_monsterinsights_skip_tracking":false,"_monsterinsights_sitenote_active":false,"_monsterinsights_sitenote_note":"","_monsterinsights_sitenote_category":0,"footnotes":""},"class_list":["post-2585","page","type-page","status-publish","has-post-thumbnail","hentry"],"_links":{"self":[{"href":"https:\/\/refuge-dormillouse.fr\/en\/wp-json\/wp\/v2\/pages\/2585","targetHints":{"allow":["GET"]}}],"collection":[{"href":"https:\/\/refuge-dormillouse.fr\/en\/wp-json\/wp\/v2\/pages"}],"about":[{"href":"https:\/\/refuge-dormillouse.fr\/en\/wp-json\/wp\/v2\/types\/page"}],"author":[{"embeddable":true,"href":"https:\/\/refuge-dormillouse.fr\/en\/wp-json\/wp\/v2\/users\/3"}],"replies":[{"embeddable":true,"href":"https:\/\/refuge-dormillouse.fr\/en\/wp-json\/wp\/v2\/comments?post=2585"}],"version-history":[{"count":2,"href":"https:\/\/refuge-dormillouse.fr\/en\/wp-json\/wp\/v2\/pages\/2585\/revisions"}],"predecessor-version":[{"id":2806,"href":"https:\/\/refuge-dormillouse.fr\/en\/wp-json\/wp\/v2\/pages\/2585\/revisions\/2806"}],"wp:featuredmedia":[{"embeddable":true,"href":"https:\/\/refuge-dormillouse.fr\/en\/wp-json\/wp\/v2\/media\/2455"}],"wp:attachment":[{"href":"https:\/\/refuge-dormillouse.fr\/en\/wp-json\/wp\/v2\/media?parent=2585"}],"curies":[{"name":"wp","href":"https:\/\/api.w.org\/{rel}","templated":true}]}}