{"id":2582,"date":"2024-03-03T17:02:43","date_gmt":"2024-03-03T16:02:43","guid":{"rendered":"https:\/\/refuge-dormillouse.fr\/?page_id=2582"},"modified":"2024-03-22T07:24:03","modified_gmt":"2024-03-22T06:24:03","slug":"raquettes","status":"publish","type":"page","link":"https:\/\/refuge-dormillouse.fr\/en\/snowshoes\/","title":{"rendered":"Snowshoes"},"content":{"rendered":"<figure class=\"wp-block-image size-full\"><img loading=\"lazy\" decoding=\"async\" width=\"720\" height=\"960\" src=\"https:\/\/refuge-dormillouse.fr\/wp-content\/uploads\/2024\/02\/dimanche-26-novembre-2.jpg\" alt=\"Snowshoes\" class=\"wp-image-2453\" srcset=\"https:\/\/refuge-dormillouse.fr\/wp-content\/uploads\/2024\/02\/dimanche-26-novembre-2.jpg 720w, https:\/\/refuge-dormillouse.fr\/wp-content\/uploads\/2024\/02\/dimanche-26-novembre-2-225x300.jpg 225w, https:\/\/refuge-dormillouse.fr\/wp-content\/uploads\/2024\/02\/dimanche-26-novembre-2-600x800.jpg 600w\" sizes=\"auto, (max-width: 720px) 100vw, 720px\" \/><\/figure>\n\n\n\n<p>Our refuge can be reached by snowshoe in winter. Here is a possible itinerary for snowshoeing up to the Dormillouse refuge:<\/p>\n\n\n\n<p>Start your snowshoe hike from the winter car park after the village of Les Mensals. Follow the groomed itinerary to the bottom of the valley (summer car park) and take the footbridge on the right. Climb the winter path. Depending on your level of fitness, it will take you between 1 and 2 hours to reach us.<\/p>\n\n\n\n<ol class=\"wp-block-list\" start=\"1\"><\/ol>\n\n\n\n<p>You can take a stroll through the village, walk around it on the Roman bridge, or climb up to the Palluel hut and beyond!<\/p>\n\n\n\n<p><\/p>","protected":false},"excerpt":{"rendered":"<p>Il est possible d&rsquo;acc\u00e9der en raquette en hiver \u00e0 notre refuge. Voici un itin\u00e9raire possible pour monter en raquette au refuge de Dormillouse : D\u00e9part depuis le parking d&rsquo;hiver situ\u00e9 apr\u00e8s le village \u00ab\u00a0Les Mensals\u00a0\u00bb,d\u00e9marrez votre randonn\u00e9e en raquette. Suivez l&rsquo;itin\u00e9raire dam\u00e9 par nos soins jusqu&rsquo;au fond de la vall\u00e9e (parking d&rsquo;\u00e9t\u00e9) et prenez la [&hellip;]<\/p>","protected":false},"author":3,"featured_media":0,"parent":0,"menu_order":0,"comment_status":"closed","ping_status":"closed","template":"","meta":{"inline_featured_image":false,"_monsterinsights_skip_tracking":false,"_monsterinsights_sitenote_active":false,"_monsterinsights_sitenote_note":"","_monsterinsights_sitenote_category":0,"footnotes":""},"class_list":["post-2582","page","type-page","status-publish","hentry"],"_links":{"self":[{"href":"https:\/\/refuge-dormillouse.fr\/en\/wp-json\/wp\/v2\/pages\/2582","targetHints":{"allow":["GET"]}}],"collection":[{"href":"https:\/\/refuge-dormillouse.fr\/en\/wp-json\/wp\/v2\/pages"}],"about":[{"href":"https:\/\/refuge-dormillouse.fr\/en\/wp-json\/wp\/v2\/types\/page"}],"author":[{"embeddable":true,"href":"https:\/\/refuge-dormillouse.fr\/en\/wp-json\/wp\/v2\/users\/3"}],"replies":[{"embeddable":true,"href":"https:\/\/refuge-dormillouse.fr\/en\/wp-json\/wp\/v2\/comments?post=2582"}],"version-history":[{"count":2,"href":"https:\/\/refuge-dormillouse.fr\/en\/wp-json\/wp\/v2\/pages\/2582\/revisions"}],"predecessor-version":[{"id":2721,"href":"https:\/\/refuge-dormillouse.fr\/en\/wp-json\/wp\/v2\/pages\/2582\/revisions\/2721"}],"wp:attachment":[{"href":"https:\/\/refuge-dormillouse.fr\/en\/wp-json\/wp\/v2\/media?parent=2582"}],"curies":[{"name":"wp","href":"https:\/\/api.w.org\/{rel}","templated":true}]}}