{"id":2577,"date":"2024-03-03T16:46:40","date_gmt":"2024-03-03T15:46:40","guid":{"rendered":"https:\/\/refuge-dormillouse.fr\/?page_id=2577"},"modified":"2024-03-21T21:23:02","modified_gmt":"2024-03-21T20:23:02","slug":"ski-de-randonnee","status":"publish","type":"page","link":"https:\/\/refuge-dormillouse.fr\/en\/ski-de-randonnee\/","title":{"rendered":"Ski touring"},"content":{"rendered":"<figure class=\"wp-block-image size-large is-resized\"><img loading=\"lazy\" decoding=\"async\" width=\"1024\" height=\"768\" src=\"https:\/\/refuge-dormillouse.fr\/wp-content\/uploads\/2024\/02\/image00017-1024x768.jpeg\" alt=\"Ski touring\" class=\"wp-image-2447\" style=\"width:838px;height:auto\" srcset=\"https:\/\/refuge-dormillouse.fr\/wp-content\/uploads\/2024\/02\/image00017-1024x768.jpeg 1024w, https:\/\/refuge-dormillouse.fr\/wp-content\/uploads\/2024\/02\/image00017-300x225.jpeg 300w, https:\/\/refuge-dormillouse.fr\/wp-content\/uploads\/2024\/02\/image00017-768x576.jpeg 768w, https:\/\/refuge-dormillouse.fr\/wp-content\/uploads\/2024\/02\/image00017-1536x1152.jpeg 1536w, https:\/\/refuge-dormillouse.fr\/wp-content\/uploads\/2024\/02\/image00017-2048x1536.jpeg 2048w, https:\/\/refuge-dormillouse.fr\/wp-content\/uploads\/2024\/02\/image00017-892x669.jpeg 892w, https:\/\/refuge-dormillouse.fr\/wp-content\/uploads\/2024\/02\/image00017-1350x1013.jpeg 1350w, https:\/\/refuge-dormillouse.fr\/wp-content\/uploads\/2024\/02\/image00017-600x450.jpeg 600w\" sizes=\"auto, (max-width: 1024px) 100vw, 1024px\" \/><\/figure>\n\n\n\n<p>Le ski de randonn\u00e9e dans le c\u0153ur du parc des \u00c9crins est une exp\u00e9rience exceptionnelle pour les amateurs de sports d&rsquo;hiver et les amoureux de la nature. Situ\u00e9 dans les Hautes Alpes, le parc des \u00c9crins offre des paysages \u00e0 couper le souffle  jusqu&rsquo;\u00e0 plus de 3000m d&rsquo;altitudes, des sommets enneig\u00e9s et des itin\u00e9raires de ski de randonn\u00e9e vari\u00e9s, et cela, au d\u00e9part de notre chalet.<\/p>\n\n\n\n<p>En skiant , vous pourrez profiter de la tranquillit\u00e9 de la montagne, de la puret\u00e9 de l&rsquo;air et du plaisir de d\u00e9valer des pentes enneig\u00e9es dans un cadre naturel pr\u00e9serv\u00e9. Vous pourrez \u00e9galement d\u00e9couvrir la richesse de la faune et de la flore alpines.<\/p>\n\n\n\n<p>En bref, le ski de randonn\u00e9e dans le parc des \u00c9crins est une exp\u00e9rience inoubliable qui vous permettra de vous ressourcer en pleine nature et de repousser vos limites en montagne. Alors n&rsquo;h\u00e9sitez plus et partez \u00e0 la d\u00e9couverte de ce magnifique territoire alpin lors de votre prochaine escapade hivernale chez nous.<\/p>\n\n\n\n<p>le ski de randonn\u00e9e est une activit\u00e9 qui allie aventure, sport et d\u00e9couverte en montagne, et qui peut \u00eatre pratiqu\u00e9e en toute s\u00e9curit\u00e9 avec la bonne pr\u00e9paration, l&rsquo;\u00e9quipement ad\u00e9quat et le respect de l&rsquo;environnement.<\/p>","protected":false},"excerpt":{"rendered":"<p>Le ski de randonn\u00e9e dans le c\u0153ur du parc des \u00c9crins est une exp\u00e9rience exceptionnelle pour les amateurs de sports d&rsquo;hiver et les amoureux de la nature. Situ\u00e9 dans les Hautes Alpes, le parc des \u00c9crins offre des paysages \u00e0 couper le souffle jusqu&rsquo;\u00e0 plus de 3000m d&rsquo;altitudes, des sommets enneig\u00e9s et des itin\u00e9raires de [&hellip;]<\/p>","protected":false},"author":3,"featured_media":0,"parent":0,"menu_order":0,"comment_status":"closed","ping_status":"closed","template":"","meta":{"inline_featured_image":false,"_monsterinsights_skip_tracking":false,"_monsterinsights_sitenote_active":false,"_monsterinsights_sitenote_note":"","_monsterinsights_sitenote_category":0,"footnotes":""},"class_list":["post-2577","page","type-page","status-publish","hentry"],"_links":{"self":[{"href":"https:\/\/refuge-dormillouse.fr\/en\/wp-json\/wp\/v2\/pages\/2577","targetHints":{"allow":["GET"]}}],"collection":[{"href":"https:\/\/refuge-dormillouse.fr\/en\/wp-json\/wp\/v2\/pages"}],"about":[{"href":"https:\/\/refuge-dormillouse.fr\/en\/wp-json\/wp\/v2\/types\/page"}],"author":[{"embeddable":true,"href":"https:\/\/refuge-dormillouse.fr\/en\/wp-json\/wp\/v2\/users\/3"}],"replies":[{"embeddable":true,"href":"https:\/\/refuge-dormillouse.fr\/en\/wp-json\/wp\/v2\/comments?post=2577"}],"version-history":[{"count":3,"href":"https:\/\/refuge-dormillouse.fr\/en\/wp-json\/wp\/v2\/pages\/2577\/revisions"}],"predecessor-version":[{"id":2719,"href":"https:\/\/refuge-dormillouse.fr\/en\/wp-json\/wp\/v2\/pages\/2577\/revisions\/2719"}],"wp:attachment":[{"href":"https:\/\/refuge-dormillouse.fr\/en\/wp-json\/wp\/v2\/media?parent=2577"}],"curies":[{"name":"wp","href":"https:\/\/api.w.org\/{rel}","templated":true}]}}