{"id":2571,"date":"2024-03-03T16:26:38","date_gmt":"2024-03-03T15:26:38","guid":{"rendered":"https:\/\/refuge-dormillouse.fr\/?page_id=2571"},"modified":"2025-12-28T23:26:20","modified_gmt":"2025-12-28T22:26:20","slug":"randonnees","status":"publish","type":"page","link":"https:\/\/refuge-dormillouse.fr\/en\/hikes\/","title":{"rendered":"Discover Dormillouse: a natural setting for hiking enthusiasts"},"content":{"rendered":"<figure class=\"wp-block-image size-large\"><img loading=\"lazy\" decoding=\"async\" width=\"1024\" height=\"461\" src=\"https:\/\/refuge-dormillouse.fr\/wp-content\/uploads\/2024\/02\/IMG-20230728-WA0018-002-1024x461.jpg\" alt=\"\" class=\"wp-image-2442\" srcset=\"https:\/\/refuge-dormillouse.fr\/wp-content\/uploads\/2024\/02\/IMG-20230728-WA0018-002-1024x461.jpg 1024w, https:\/\/refuge-dormillouse.fr\/wp-content\/uploads\/2024\/02\/IMG-20230728-WA0018-002-300x135.jpg 300w, https:\/\/refuge-dormillouse.fr\/wp-content\/uploads\/2024\/02\/IMG-20230728-WA0018-002-768x346.jpg 768w, https:\/\/refuge-dormillouse.fr\/wp-content\/uploads\/2024\/02\/IMG-20230728-WA0018-002-1536x692.jpg 1536w, https:\/\/refuge-dormillouse.fr\/wp-content\/uploads\/2024\/02\/IMG-20230728-WA0018-002-892x402.jpg 892w, https:\/\/refuge-dormillouse.fr\/wp-content\/uploads\/2024\/02\/IMG-20230728-WA0018-002-1350x608.jpg 1350w, https:\/\/refuge-dormillouse.fr\/wp-content\/uploads\/2024\/02\/IMG-20230728-WA0018-002-600x270.jpg 600w, https:\/\/refuge-dormillouse.fr\/wp-content\/uploads\/2024\/02\/IMG-20230728-WA0018-002.jpg 2016w\" sizes=\"auto, (max-width: 1024px) 100vw, 1024px\" \/><\/figure>\n\n\n\n<h1 class=\"wp-block-heading\"><\/h1>\n\n\n\n<p>Nestling in the heart of the Hautes-Alpes, the small village of Dormillouse is an invitation to a change of scenery and adventure for hikers in search of tranquillity and breathtaking scenery. Perched at an altitude of more than 1,650 metres, this hamlet, accessible only on foot, is the ideal starting point for exploring the hidden treasures of the Ecrins National Park. This article guides you along the hiking trails that wind around this rare gem of the French Alps.<\/p>\n\n\n\n<h2 class=\"wp-block-heading\">1. The Dormillouse discovery trail<\/h2>\n\n\n\n<p>The first stop for any visitor should be the walk to the village itself. The trail starts at the Freissini\u00e8res car park, and a walk of around an hour through woodland and meadows leads to Dormillouse. The route is relatively easy and suitable for all abilities. Along the way, hikers can admire the alpine flora and fauna, as well as the spectacular waterfalls in the area. Once you arrive, the village offers breathtaking views of the surrounding valleys and snow-capped peaks.<\/p>\n\n\n\n<h2 class=\"wp-block-heading\">2. Lake Faravel<\/h2>\n\n\n\n<p>For those looking to extend their adventure, Lac de Faravel is a must-see destination. From Dormillouse, the trail climbs gently through alpine meadows and scree, offering breathtaking views of the surrounding mountains. After walking for around 2 hours, hikers are rewarded with a view of the deep blue lake, nestling in a green setting. It's the perfect place to have a picnic and recharge your batteries before heading back down or on to other adventures.<\/p>\n\n\n\n<p><\/p>\n\n\n\n<p><\/p>\n\n\n\n<figure class=\"wp-block-image size-large\"><img loading=\"lazy\" decoding=\"async\" width=\"768\" height=\"1024\" src=\"https:\/\/refuge-dormillouse.fr\/wp-content\/uploads\/2025\/12\/P1140703-1-768x1024.jpg\" alt=\"P1140703\" class=\"wp-image-6497\" srcset=\"https:\/\/refuge-dormillouse.fr\/wp-content\/uploads\/2025\/12\/P1140703-1-768x1024.jpg 768w, https:\/\/refuge-dormillouse.fr\/wp-content\/uploads\/2025\/12\/P1140703-1-225x300.jpg 225w, https:\/\/refuge-dormillouse.fr\/wp-content\/uploads\/2025\/12\/P1140703-1-1152x1536.jpg 1152w, https:\/\/refuge-dormillouse.fr\/wp-content\/uploads\/2025\/12\/P1140703-1-1536x2048.jpg 1536w, https:\/\/refuge-dormillouse.fr\/wp-content\/uploads\/2025\/12\/P1140703-1-9x12.jpg 9w, https:\/\/refuge-dormillouse.fr\/wp-content\/uploads\/2025\/12\/P1140703-1-892x1189.jpg 892w, https:\/\/refuge-dormillouse.fr\/wp-content\/uploads\/2025\/12\/P1140703-1-1350x1800.jpg 1350w, https:\/\/refuge-dormillouse.fr\/wp-content\/uploads\/2025\/12\/P1140703-1-600x800.jpg 600w, https:\/\/refuge-dormillouse.fr\/wp-content\/uploads\/2025\/12\/P1140703-1-scaled.jpg 1920w\" sizes=\"auto, (max-width: 768px) 100vw, 768px\" \/><\/figure>\n\n\n\n<h2 class=\"wp-block-heading\">3. The Lac Palluel and Lac Faravel loop<\/h2>\n\n\n\n<p>For more experienced walkers, the loop combining Lac Palluel and Lac Faravel is a full-day hike. Leaving Dormillouse, the route to Lac Palluel takes in steeper terrain, requiring a good level of fitness. The view of Lac Palluel, with its clear waters surrounded by high cliffs, is simply magnificent. Continuing on to Lac Faravel, the hike offers varied and spectacular panoramas. This loop, which takes around 5 to 6 hours to complete, is a veritable hymn to the beauty of the Hautes-Alpes.<\/p>\n\n\n\n<p><\/p>\n\n\n\n<figure class=\"wp-block-image size-large\"><img loading=\"lazy\" decoding=\"async\" width=\"1024\" height=\"768\" src=\"https:\/\/refuge-dormillouse.fr\/wp-content\/uploads\/2025\/12\/P1140650-1024x768.jpg\" alt=\"P1140650\" class=\"wp-image-6495\" srcset=\"https:\/\/refuge-dormillouse.fr\/wp-content\/uploads\/2025\/12\/P1140650-1024x768.jpg 1024w, https:\/\/refuge-dormillouse.fr\/wp-content\/uploads\/2025\/12\/P1140650-300x225.jpg 300w, https:\/\/refuge-dormillouse.fr\/wp-content\/uploads\/2025\/12\/P1140650-768x576.jpg 768w, https:\/\/refuge-dormillouse.fr\/wp-content\/uploads\/2025\/12\/P1140650-1536x1152.jpg 1536w, https:\/\/refuge-dormillouse.fr\/wp-content\/uploads\/2025\/12\/P1140650-2048x1536.jpg 2048w, https:\/\/refuge-dormillouse.fr\/wp-content\/uploads\/2025\/12\/P1140650-16x12.jpg 16w, https:\/\/refuge-dormillouse.fr\/wp-content\/uploads\/2025\/12\/P1140650-892x669.jpg 892w, https:\/\/refuge-dormillouse.fr\/wp-content\/uploads\/2025\/12\/P1140650-1350x1013.jpg 1350w, https:\/\/refuge-dormillouse.fr\/wp-content\/uploads\/2025\/12\/P1140650-600x450.jpg 600w\" sizes=\"auto, (max-width: 1024px) 100vw, 1024px\" \/><\/figure>\n\n\n\n<h2 class=\"wp-block-heading\">4. Le col de Freissini\u00e8res ou col d&rsquo;Orci\u00e8re<\/h2>\n\n\n\n<p>Un parcours vari\u00e9 entre for\u00eats, alpages, moraines et falaises z\u00e9br\u00e9es de cascades pour rejoindre le col de Freissini\u00e8res aussi appel\u00e9 col d&rsquo;Orci\u00e8res, \u00e0 2782 m. comptez 8h de marche pour un aller retour et environ 1000ml de denivel\u00e9 positif et donc 1000 ml de denivel\u00e9 negatif avec un d\u00e9part \u00e0 partir de Dormillouse.<\/p>\n\n\n\n<h2 class=\"wp-block-heading\">5. Le col des Terres Blanches \u00e0 partir de Dormillouse pour se rendre \u00e0 Prapic<\/h2>\n\n\n\n<p>Le&nbsp;col&nbsp;des&nbsp;Terres&nbsp;Blanches&nbsp;depuis&nbsp;Dormillouse&nbsp;est&nbsp;un&nbsp;circuit&nbsp;de&nbsp;randonn\u00e9e&nbsp;qui&nbsp;offre&nbsp;une&nbsp;exp\u00e9rience&nbsp;nordique&nbsp;et&nbsp;sauvage.&nbsp;Ce&nbsp;parcours&nbsp;d&rsquo;environ&nbsp;17&nbsp;kilom\u00e8tres&nbsp;repr\u00e9sente&nbsp;en&nbsp;moyenne&nbsp;7h30&nbsp;de&nbsp;marche.&nbsp;Il vous faudra partir de Dormillouse en direction du lac Fangeas en suivant le sentier balis\u00e9 jaune&nbsp;Le&nbsp;sentier&nbsp;du&nbsp;col&nbsp;des&nbsp;Terres&nbsp;Blanches&nbsp;est&nbsp;balis\u00e9&nbsp;par&nbsp;des&nbsp;cairns&nbsp;et&nbsp;des&nbsp;points&nbsp;blancs,&nbsp;et&nbsp;il&nbsp;est&nbsp;important&nbsp;de&nbsp;suivre&nbsp;les&nbsp;cairns&nbsp;pour&nbsp;traverser&nbsp;les&nbsp;hautes&nbsp;herbes&nbsp;et&nbsp;les&nbsp;barres&nbsp;rocheuses.&nbsp;Le&nbsp;retour&nbsp;se&nbsp;fait&nbsp;par&nbsp;le&nbsp;m\u00eame&nbsp;chemin&nbsp;ou&nbsp;par&nbsp;Prapic&nbsp;puis&nbsp;col&nbsp;de&nbsp;Freissini\u00e8res&nbsp;en&nbsp;2&nbsp;jours. Une distance de 19km pour arriver \u00e0 Prapic, un d\u00e9nivel\u00e9 positif de 1000 m environ \u00e0 partir de Dormillouse et comptez environ 8 \u00e0 9h de marche<\/p>\n\n\n\n<figure class=\"wp-block-image size-large\"><img loading=\"lazy\" decoding=\"async\" width=\"1024\" height=\"683\" src=\"https:\/\/refuge-dormillouse.fr\/wp-content\/uploads\/2025\/12\/D5A1900-1024x683.jpg\" alt=\" D5a1900\" class=\"wp-image-6494\" srcset=\"https:\/\/refuge-dormillouse.fr\/wp-content\/uploads\/2025\/12\/D5A1900-1024x683.jpg 1024w, https:\/\/refuge-dormillouse.fr\/wp-content\/uploads\/2025\/12\/D5A1900-300x200.jpg 300w, https:\/\/refuge-dormillouse.fr\/wp-content\/uploads\/2025\/12\/D5A1900-768x512.jpg 768w, https:\/\/refuge-dormillouse.fr\/wp-content\/uploads\/2025\/12\/D5A1900-1536x1024.jpg 1536w, https:\/\/refuge-dormillouse.fr\/wp-content\/uploads\/2025\/12\/D5A1900-2048x1365.jpg 2048w, https:\/\/refuge-dormillouse.fr\/wp-content\/uploads\/2025\/12\/D5A1900-18x12.jpg 18w, https:\/\/refuge-dormillouse.fr\/wp-content\/uploads\/2025\/12\/D5A1900-892x595.jpg 892w, https:\/\/refuge-dormillouse.fr\/wp-content\/uploads\/2025\/12\/D5A1900-1350x900.jpg 1350w, https:\/\/refuge-dormillouse.fr\/wp-content\/uploads\/2025\/12\/D5A1900-600x400.jpg 600w\" sizes=\"auto, (max-width: 1024px) 100vw, 1024px\" \/><\/figure>\n\n\n\n<figure class=\"wp-block-image size-full\"><img loading=\"lazy\" decoding=\"async\" width=\"1000\" height=\"750\" src=\"https:\/\/refuge-dormillouse.fr\/wp-content\/uploads\/2023\/07\/IMG_2230-scaled-e1678283150705.jpg\" alt=\"\" class=\"wp-image-97\" srcset=\"https:\/\/refuge-dormillouse.fr\/wp-content\/uploads\/2023\/07\/IMG_2230-scaled-e1678283150705.jpg 1000w, https:\/\/refuge-dormillouse.fr\/wp-content\/uploads\/2023\/07\/IMG_2230-scaled-e1678283150705-600x450.jpg 600w, https:\/\/refuge-dormillouse.fr\/wp-content\/uploads\/2023\/07\/IMG_2230-scaled-e1678283150705-300x225.jpg 300w, https:\/\/refuge-dormillouse.fr\/wp-content\/uploads\/2023\/07\/IMG_2230-scaled-e1678283150705-768x576.jpg 768w, https:\/\/refuge-dormillouse.fr\/wp-content\/uploads\/2023\/07\/IMG_2230-scaled-e1678283150705-510x382.jpg 510w, https:\/\/refuge-dormillouse.fr\/wp-content\/uploads\/2023\/07\/IMG_2230-scaled-e1678283150705-980x735.jpg 980w, https:\/\/refuge-dormillouse.fr\/wp-content\/uploads\/2023\/07\/IMG_2230-scaled-e1678283150705-480x360.jpg 480w\" sizes=\"auto, (max-width: 1000px) 100vw, 1000px\" \/><figcaption class=\"wp-element-caption\">Fleur des Ecrins nature park, Alps<\/figcaption><\/figure>\n\n\n\n<p><\/p>\n\n\n\n<h2 class=\"wp-block-heading\">Practical advice<\/h2>\n\n\n\n<ul class=\"wp-block-list\">\n<li>Preparation: Make sure you have the right equipment for the mountains and check the weather forecast before you set off.<\/li>\n\n\n\n<li>Respect for nature: Dormillouse is located in a national park, so please respect the flora and fauna and leave no trace of your visit.<\/li>\n\n\n\n<li>Safety: Inform someone of your itinerary and bring sufficient food and water.<\/li>\n<\/ul>\n\n\n\n<p>Dormillouse et ses environs offrent un terrain de jeu exceptionnel pour les amoureux de randonn\u00e9es. Que vous soyez \u00e0 la recherche d&rsquo;une promenade tranquille ou d&rsquo;une aventure plus exigeante, cette r\u00e9gion des Hautes-Alpes saura r\u00e9pondre \u00e0 vos attentes avec ses paysages \u00e0 couper le souffle et son ambiance paisible. Une chose est s\u00fbre : une visite \u00e0 Dormillouse reste graver dans les m\u00e9moires.<\/p>","protected":false},"excerpt":{"rendered":"<p>Niche\u0301 au c\u0153ur des Hautes-Alpes, le petit village de Dormillouse se dresse comme une invitation au d\u00e9paysement et \u00e0 l&rsquo;aventure pour les randonneurs en qu\u00eate de tranquillit\u00e9 et de paysages \u00e9poustouflants. Perch\u00e9 \u00e0 plus de 1 650 m\u00e8tres d&rsquo;altitude, ce hameau, accessible uniquement \u00e0 pied, est le point de d\u00e9part id\u00e9al pour explorer les tr\u00e9sors [&hellip;]<\/p>","protected":false},"author":3,"featured_media":0,"parent":0,"menu_order":0,"comment_status":"closed","ping_status":"closed","template":"","meta":{"inline_featured_image":false,"_monsterinsights_skip_tracking":false,"_monsterinsights_sitenote_active":false,"_monsterinsights_sitenote_note":"","_monsterinsights_sitenote_category":0,"footnotes":""},"class_list":["post-2571","page","type-page","status-publish","hentry"],"_links":{"self":[{"href":"https:\/\/refuge-dormillouse.fr\/en\/wp-json\/wp\/v2\/pages\/2571","targetHints":{"allow":["GET"]}}],"collection":[{"href":"https:\/\/refuge-dormillouse.fr\/en\/wp-json\/wp\/v2\/pages"}],"about":[{"href":"https:\/\/refuge-dormillouse.fr\/en\/wp-json\/wp\/v2\/types\/page"}],"author":[{"embeddable":true,"href":"https:\/\/refuge-dormillouse.fr\/en\/wp-json\/wp\/v2\/users\/3"}],"replies":[{"embeddable":true,"href":"https:\/\/refuge-dormillouse.fr\/en\/wp-json\/wp\/v2\/comments?post=2571"}],"version-history":[{"count":5,"href":"https:\/\/refuge-dormillouse.fr\/en\/wp-json\/wp\/v2\/pages\/2571\/revisions"}],"predecessor-version":[{"id":6517,"href":"https:\/\/refuge-dormillouse.fr\/en\/wp-json\/wp\/v2\/pages\/2571\/revisions\/6517"}],"wp:attachment":[{"href":"https:\/\/refuge-dormillouse.fr\/en\/wp-json\/wp\/v2\/media?parent=2571"}],"curies":[{"name":"wp","href":"https:\/\/api.w.org\/{rel}","templated":true}]}}