{"id":1389,"date":"2019-09-26T08:15:53","date_gmt":"2019-09-26T08:15:53","guid":{"rendered":"https:\/\/themes.getmotopress.com\/booklium-bed-and-breakfast\/search-results\/"},"modified":"2025-12-14T11:03:39","modified_gmt":"2025-12-14T10:03:39","slug":"resultats-recherche","status":"publish","type":"page","link":"https:\/\/refuge-dormillouse.fr\/en\/search-results\/","title":{"rendered":"Search results"},"content":{"rendered":"<p class=\"has-normal-font-size\" style=\"font-style:normal;font-weight:600\">For any advice on booking, please contact us by email <a>contact@refuge-dormillouse.fr<\/a> or by telephone +33 (0)6 16 30 72 45.<\/p>\n\n\n\n<h2 class=\"wp-block-heading\"><strong>Pour le jour de l&rsquo;an, privatisation pour 15 personnes maximum, n&rsquo;h\u00e9sitez pas \u00e0 nous contacter<\/strong>.<\/h2>\n\n\n\n<div class=\"wp-block-getwid-advanced-spacer\" style=\"height:52px\" aria-hidden=\"true\"><\/div>\n\n\n<div class=\"mphb_sc_search_results-wrapper\"><div class=\"mphb-errors-wrapper\">\n\t<\/div>\n\n<\/div>","protected":false},"excerpt":{"rendered":"<p>Pour tout conseil lors de la r\u00e9servation, nous contacter par email contact@refuge-dormillouse.fr ou par t\u00e9l\u00e9phone +33 (0)6 16 30 72 45. Pour le jour de l&rsquo;an, privatisation pour 15 personnes maximum, n&rsquo;h\u00e9sitez pas \u00e0 nous contacter.<\/p>","protected":false},"author":2,"featured_media":0,"parent":0,"menu_order":0,"comment_status":"closed","ping_status":"closed","template":"template-wide-page.php","meta":{"inline_featured_image":false,"_monsterinsights_skip_tracking":false,"_monsterinsights_sitenote_active":false,"_monsterinsights_sitenote_note":"","_monsterinsights_sitenote_category":0,"footnotes":""},"class_list":["post-1389","page","type-page","status-publish","hentry"],"_links":{"self":[{"href":"https:\/\/refuge-dormillouse.fr\/en\/wp-json\/wp\/v2\/pages\/1389","targetHints":{"allow":["GET"]}}],"collection":[{"href":"https:\/\/refuge-dormillouse.fr\/en\/wp-json\/wp\/v2\/pages"}],"about":[{"href":"https:\/\/refuge-dormillouse.fr\/en\/wp-json\/wp\/v2\/types\/page"}],"author":[{"embeddable":true,"href":"https:\/\/refuge-dormillouse.fr\/en\/wp-json\/wp\/v2\/users\/2"}],"replies":[{"embeddable":true,"href":"https:\/\/refuge-dormillouse.fr\/en\/wp-json\/wp\/v2\/comments?post=1389"}],"version-history":[{"count":6,"href":"https:\/\/refuge-dormillouse.fr\/en\/wp-json\/wp\/v2\/pages\/1389\/revisions"}],"predecessor-version":[{"id":6350,"href":"https:\/\/refuge-dormillouse.fr\/en\/wp-json\/wp\/v2\/pages\/1389\/revisions\/6350"}],"wp:attachment":[{"href":"https:\/\/refuge-dormillouse.fr\/en\/wp-json\/wp\/v2\/media?parent=1389"}],"curies":[{"name":"wp","href":"https:\/\/api.w.org\/{rel}","templated":true}]}}