{"id":1269,"date":"2019-10-10T14:19:16","date_gmt":"2019-10-10T14:19:16","guid":{"rendered":"https:\/\/themes.getmotopress.com\/booklium-bed-and-breakfast\/?page_id=1269"},"modified":"2019-10-10T14:19:16","modified_gmt":"2019-10-10T14:19:16","slug":"terms-conditions","status":"publish","type":"page","link":"https:\/\/refuge-dormillouse.fr\/en\/terms-conditions\/","title":{"rendered":"Legal information"},"content":{"rendered":"<h2 class=\"wp-block-heading\">Propri\u00e9taire du site web et \u00e9diteur<\/h2>\n\n\n\n<p>Le site <a href=\"https:\/\/refuge-dormillouse.fr\/en\/\">https:\/\/refuge-dormillouse.fr<\/a>\u00a0est la propri\u00e9t\u00e9 de :<br><strong>\u00a0 \u00a0 Refuge de l&rsquo;oncle Emile<br><\/strong>\u00a0 \u00a0 LES ESCLEYERS<br>\u00a0 \u00a0 05310 FREISSINIERES<br><a href=\"tel:+33465030305\">\u00a0 \u00a0 <\/a>+33 (0)6 16 30 72 45<br><a href=\"mailto:contact@refuge-dormillouse.fr\" title=\"\">\u00a0 \u00a0 contact@refuge-dormillouse.fr<\/a><\/p>\n\n\n\n<h2 class=\"wp-block-heading\">Responsable de publication<\/h2>\n\n\n\n<p><strong>Refuge de l&rsquo;oncle Emile<\/strong><\/p>\n\n\n\n<h2 class=\"wp-block-heading\">Responsable \u00e9ditorial<\/h2>\n\n\n\n<p><strong>Refuge de l&rsquo;oncle Emile<\/strong><\/p>\n\n\n\n<h2 class=\"wp-block-heading\">H\u00e9bergement<\/h2>\n\n\n\n<p>Ce service est h\u00e9berg\u00e9 physiquement en France dans un centre de donn\u00e9e de la soci\u00e9t\u00e9 : OVH.com en France.<\/p>\n\n\n\n<h2 class=\"wp-block-heading\">Propri\u00e9t\u00e9 intellectuelle<\/h2>\n\n\n\n<p><em>Refuge de l&rsquo;oncle Emile<\/em> est propri\u00e9taire des droits de propri\u00e9t\u00e9 intellectuelle ou d\u00e9tient les droits d\u2019usage sur tous les \u00e9l\u00e9ments accessibles sur le site, notamment les textes, images, graphismes, logo, etc. Alors avant de copier, adapter, citer ce contenu&#8230; veuillez obtenir une autorisation \u00e9crite pr\u00e9alable.<\/p>\n\n\n\n<h2 class=\"wp-block-heading\">Liens hypertextes<\/h2>\n\n\n\n<p>Lors de votre navigation, vous decouvrirez plusieurs liens hypertextes vers d&rsquo;autres sites web. <em>Refuge de l&rsquo;oncle Emile<\/em> n\u2019a pas la possibilit\u00e9 de v\u00e9rifier le contenu de ces sites et n\u2019assumera en cons\u00e9quence aucune responsabilit\u00e9 de ce fait.<\/p>\n\n\n\n<h2 class=\"wp-block-heading\">Cookies<\/h2>\n\n\n\n<p>La navigation sur ce site provoque l\u2019installation de p&rsquo;tits fichiers, nomm\u00e9s cookies, sur le navigateur de l\u2019utilisateur. Ils sont gentils et ne prennent pas de place. Par contre, le refus d\u2019installation d\u2019un cookie peut bloquer, techniquement, l\u2019acc\u00e8s \u00e0 certains services et r\u00e9duire notre capacit\u00e9 \u00e0 am\u00e9liorer l&rsquo;exp\u00e9rience de navigation.<\/p>\n\n\n\n<h2 class=\"wp-block-heading\">Gestion des donn\u00e9es personnelles<\/h2>\n\n\n\n<p>En surfant sur ce site web, des informations peuvent \u00eatres recueillies : provenance, fournisseur d&rsquo;acc\u00e8s, adresse IP, etc. <em>Refuge de l&rsquo;oncle Emile<\/em> collecte des informations personnelles pour le besoin de certains services propos\u00e9s par ce site, voir ci dessus. Le droit d\u2019acc\u00e8s, de rectification et d\u2019opposition aux donn\u00e9es personnelles concernant les visiteurs, s&rsquo;effectuent par demande \u00e9crite \u00e0 l&rsquo;adresse ci-dessus.<\/p>","protected":false},"excerpt":{"rendered":"<p>Propri\u00e9taire du site web et \u00e9diteur Le site https:\/\/refuge-dormillouse.fr\u00a0est la propri\u00e9t\u00e9 de :\u00a0 \u00a0 Refuge de l&rsquo;oncle Emile\u00a0 \u00a0 LES ESCLEYERS\u00a0 \u00a0 05310 FREISSINIERES\u00a0 \u00a0 +33 (0)6 16 30 72 45\u00a0 \u00a0 contact@refuge-dormillouse.fr Responsable de publication Refuge de l&rsquo;oncle Emile Responsable \u00e9ditorial Refuge de l&rsquo;oncle Emile H\u00e9bergement Ce service est h\u00e9berg\u00e9 physiquement en France dans [&hellip;]<\/p>","protected":false},"author":2,"featured_media":0,"parent":0,"menu_order":0,"comment_status":"closed","ping_status":"closed","template":"","meta":{"inline_featured_image":false,"_monsterinsights_skip_tracking":false,"_monsterinsights_sitenote_active":false,"_monsterinsights_sitenote_note":"","_monsterinsights_sitenote_category":0,"footnotes":""},"class_list":["post-1269","page","type-page","status-publish","hentry"],"_links":{"self":[{"href":"https:\/\/refuge-dormillouse.fr\/en\/wp-json\/wp\/v2\/pages\/1269","targetHints":{"allow":["GET"]}}],"collection":[{"href":"https:\/\/refuge-dormillouse.fr\/en\/wp-json\/wp\/v2\/pages"}],"about":[{"href":"https:\/\/refuge-dormillouse.fr\/en\/wp-json\/wp\/v2\/types\/page"}],"author":[{"embeddable":true,"href":"https:\/\/refuge-dormillouse.fr\/en\/wp-json\/wp\/v2\/users\/2"}],"replies":[{"embeddable":true,"href":"https:\/\/refuge-dormillouse.fr\/en\/wp-json\/wp\/v2\/comments?post=1269"}],"version-history":[{"count":0,"href":"https:\/\/refuge-dormillouse.fr\/en\/wp-json\/wp\/v2\/pages\/1269\/revisions"}],"wp:attachment":[{"href":"https:\/\/refuge-dormillouse.fr\/en\/wp-json\/wp\/v2\/media?parent=1269"}],"curies":[{"name":"wp","href":"https:\/\/api.w.org\/{rel}","templated":true}]}}